{"id":65,"date":"2022-05-29T04:08:45","date_gmt":"2022-05-29T01:08:45","guid":{"rendered":"http:\/\/eternity21.net\/?page_id=65"},"modified":"2023-03-10T17:20:48","modified_gmt":"2023-03-10T14:20:48","slug":"contacts","status":"publish","type":"page","link":"https:\/\/eternity21.net\/es\/contacts\/","title":{"rendered":"Cont\u00e1ctenos"},"content":{"rendered":"\n<p>Siempre estamos felices de ayudar a nuestros clientes y salvarlos de la aburrida rutina. Si nuestro gerente no responde la llamada o el mensaje de inmediato, ya sabe, \u00bfno ignoramos a nuestros clientes? es solo que el gerente est\u00e1 ocupado con otros asuntos en este momento, y tan pronto como est\u00e9 libre, se comunicar\u00e1 con usted de inmediato.<\/p>\n","protected":false},"excerpt":{"rendered":"<p>Siempre estamos felices de ayudar a nuestros clientes y salvarlos de la aburrida rutina. Si nuestro gerente no responde la llamada o el mensaje de inmediato, ya sabe, \u00bfno ignoramos a nuestros clientes? es solo que el gerente est\u00e1 ocupado con otros asuntos en este momento, y tan pronto como est\u00e9 libre, se comunicar\u00e1 con [&hellip;]<\/p>\n","protected":false},"author":1,"featured_media":0,"parent":0,"menu_order":0,"comment_status":"closed","ping_status":"closed","template":"contact-page.php","meta":{"footnotes":""},"class_list":["post-65","page","type-page","status-publish","hentry"],"translation":{"provider":"WPGlobus","version":"2.10.10","language":"es","enabled_languages":["ru","en","es"],"languages":{"ru":{"title":true,"content":true,"excerpt":false},"en":{"title":true,"content":true,"excerpt":false},"es":{"title":true,"content":true,"excerpt":false}}},"acf":[],"yoast_head":"<!-- This site is optimized with the Yoast SEO plugin v20.2.1 - https:\/\/yoast.com\/wordpress\/plugins\/seo\/ -->\n<title>Cont\u00e1ctenos - Eternity21<\/title>\n<meta name=\"robots\" content=\"index, follow, max-snippet:-1, max-image-preview:large, max-video-preview:-1\" \/>\n<link rel=\"canonical\" href=\"https:\/\/eternity21.net\/contacts\/\" \/>\n<meta property=\"og:locale\" content=\"es_ES\" \/>\n<meta property=\"og:type\" content=\"article\" \/>\n<meta property=\"og:title\" content=\"Cont\u00e1ctenos - Eternity21\" \/>\n<meta property=\"og:url\" content=\"https:\/\/eternity21.net\/contacts\/\" \/>\n<meta property=\"og:site_name\" content=\"Eternity21\" \/>\n<meta property=\"article:modified_time\" content=\"2023-03-10T14:20:48+00:00\" \/>\n<meta name=\"twitter:card\" content=\"summary_large_image\" \/>\n<meta name=\"twitter:label1\" content=\"Tiempo de lectura\" \/>\n\t<meta name=\"twitter:data1\" content=\"1 minuto\" \/>\n<script type=\"application\/ld+json\" class=\"yoast-schema-graph\">{\"@context\":\"https:\/\/schema.org\",\"@graph\":[{\"@type\":\"WebPage\",\"@id\":\"https:\/\/eternity21.net\/contacts\/\",\"url\":\"https:\/\/eternity21.net\/contacts\/\",\"name\":\"Cont\u00e1ctenos - Eternity21\",\"isPartOf\":{\"@id\":\"https:\/\/eternity21.net\/#website\"},\"datePublished\":\"2022-05-29T01:08:45+00:00\",\"dateModified\":\"2023-03-10T14:20:48+00:00\",\"breadcrumb\":{\"@id\":\"https:\/\/eternity21.net\/contacts\/#breadcrumb\"},\"inLanguage\":\"es\",\"potentialAction\":[{\"@type\":\"ReadAction\",\"target\":[\"https:\/\/eternity21.net\/contacts\/\"]}]},{\"@type\":\"BreadcrumbList\",\"@id\":\"https:\/\/eternity21.net\/contacts\/#breadcrumb\",\"itemListElement\":[{\"@type\":\"ListItem\",\"position\":1,\"name\":\"\u0413\u043b\u0430\u0432\u043d\u0430\u044f \u0441\u0442\u0440\u0430\u043d\u0438\u0446\u0430\",\"item\":\"https:\/\/eternity21.net\/\"},{\"@type\":\"ListItem\",\"position\":2,\"name\":\"\u0421\u0432\u044f\u0436\u0438\u0442\u0435\u0441\u044c \u0441 \u043d\u0430\u043c\u0438\"}]},{\"@type\":\"WebSite\",\"@id\":\"https:\/\/eternity21.net\/#website\",\"url\":\"https:\/\/eternity21.net\/\",\"name\":\"Eternity21\",\"description\":\"\u041a\u043e\u043c\u043f\u043b\u0435\u043a\u0441\u043d\u044b\u0435 \u0440\u0435\u0448\u0435\u043d\u0438\u044f \u0434\u043b\u044f \u043f\u0435\u0440\u0435\u0435\u0437\u0434\u0430 \u0432 \u0418\u0441\u043f\u0430\u043d\u0438\u044e\",\"potentialAction\":[{\"@type\":\"SearchAction\",\"target\":{\"@type\":\"EntryPoint\",\"urlTemplate\":\"https:\/\/eternity21.net\/?s={search_term_string}\"},\"query-input\":\"required name=search_term_string\"}],\"inLanguage\":\"es\"}]}<\/script>\n<!-- \/ Yoast SEO plugin. -->","yoast_head_json":{"title":"Cont\u00e1ctenos - Eternity21","robots":{"index":"index","follow":"follow","max-snippet":"max-snippet:-1","max-image-preview":"max-image-preview:large","max-video-preview":"max-video-preview:-1"},"canonical":"https:\/\/eternity21.net\/contacts\/","og_locale":"es_ES","og_type":"article","og_title":"Cont\u00e1ctenos - Eternity21","og_url":"https:\/\/eternity21.net\/contacts\/","og_site_name":"Eternity21","article_modified_time":"2023-03-10T14:20:48+00:00","twitter_card":"summary_large_image","twitter_misc":{"Tiempo de lectura":"1 minuto"},"schema":{"@context":"https:\/\/schema.org","@graph":[{"@type":"WebPage","@id":"https:\/\/eternity21.net\/contacts\/","url":"https:\/\/eternity21.net\/contacts\/","name":"Cont\u00e1ctenos - Eternity21","isPartOf":{"@id":"https:\/\/eternity21.net\/#website"},"datePublished":"2022-05-29T01:08:45+00:00","dateModified":"2023-03-10T14:20:48+00:00","breadcrumb":{"@id":"https:\/\/eternity21.net\/contacts\/#breadcrumb"},"inLanguage":"es","potentialAction":[{"@type":"ReadAction","target":["https:\/\/eternity21.net\/contacts\/"]}]},{"@type":"BreadcrumbList","@id":"https:\/\/eternity21.net\/contacts\/#breadcrumb","itemListElement":[{"@type":"ListItem","position":1,"name":"\u0413\u043b\u0430\u0432\u043d\u0430\u044f \u0441\u0442\u0440\u0430\u043d\u0438\u0446\u0430","item":"https:\/\/eternity21.net\/"},{"@type":"ListItem","position":2,"name":"\u0421\u0432\u044f\u0436\u0438\u0442\u0435\u0441\u044c \u0441 \u043d\u0430\u043c\u0438"}]},{"@type":"WebSite","@id":"https:\/\/eternity21.net\/#website","url":"https:\/\/eternity21.net\/","name":"Eternity21","description":"\u041a\u043e\u043c\u043f\u043b\u0435\u043a\u0441\u043d\u044b\u0435 \u0440\u0435\u0448\u0435\u043d\u0438\u044f \u0434\u043b\u044f \u043f\u0435\u0440\u0435\u0435\u0437\u0434\u0430 \u0432 \u0418\u0441\u043f\u0430\u043d\u0438\u044e","potentialAction":[{"@type":"SearchAction","target":{"@type":"EntryPoint","urlTemplate":"https:\/\/eternity21.net\/?s={search_term_string}"},"query-input":"required name=search_term_string"}],"inLanguage":"es"}]}},"_links":{"self":[{"href":"https:\/\/eternity21.net\/es\/wp-json\/wp\/v2\/pages\/65","targetHints":{"allow":["GET"]}}],"collection":[{"href":"https:\/\/eternity21.net\/es\/wp-json\/wp\/v2\/pages"}],"about":[{"href":"https:\/\/eternity21.net\/es\/wp-json\/wp\/v2\/types\/page"}],"author":[{"embeddable":true,"href":"https:\/\/eternity21.net\/es\/wp-json\/wp\/v2\/users\/1"}],"replies":[{"embeddable":true,"href":"https:\/\/eternity21.net\/es\/wp-json\/wp\/v2\/comments?post=65"}],"version-history":[{"count":13,"href":"https:\/\/eternity21.net\/es\/wp-json\/wp\/v2\/pages\/65\/revisions"}],"predecessor-version":[{"id":911,"href":"https:\/\/eternity21.net\/es\/wp-json\/wp\/v2\/pages\/65\/revisions\/911"}],"wp:attachment":[{"href":"https:\/\/eternity21.net\/es\/wp-json\/wp\/v2\/media?parent=65"}],"curies":[{"name":"wp","href":"https:\/\/api.w.org\/{rel}","templated":true}]}}