{"id":761,"date":"2022-07-30T18:49:37","date_gmt":"2022-07-30T15:49:37","guid":{"rendered":"https:\/\/eternity21.net\/?page_id=761"},"modified":"2022-10-27T21:20:10","modified_gmt":"2022-10-27T18:20:10","slug":"terminos-de-uso","status":"publish","type":"page","link":"https:\/\/eternity21.net\/es\/terminos-de-uso\/","title":{"rendered":"T\u00e9rminos de Uso"},"content":{"rendered":"\n<p>Este Acuerdo de usuario (en lo sucesivo, el Acuerdo) rige la relaci\u00f3n entre eternity21 (en lo sucesivo, eternity21 o la Administraci\u00f3n), por un lado, y el usuario del sitio, por el otro.<br>eternity21 no es un sitio de medios masivos.<\/p>\n\n\n\n<p>Al utilizar el sitio, usted acepta los t\u00e9rminos de este acuerdo.<br>Si no est\u00e1 de acuerdo con los t\u00e9rminos de este acuerdo, \u00a1no use el sitio eternity21!<\/p>\n\n\n\n<p>Derechos y obligaciones de las partes<br>El usuario tiene derecho:<\/p>\n\n\n\n<ul class=\"wp-block-list\"><li>buscar informaci\u00f3n en el sitio<\/li><li>recibir informaci\u00f3n en el sitio<\/li><li>utilizar la informaci\u00f3n del sitio para fines personales no comerciales<\/li><\/ul>\n\n\n\n<p>La administraci\u00f3n tiene derecho:<\/p>\n\n\n\n<ul class=\"wp-block-list\"><li>a su propia discreci\u00f3n y la necesidad de crear, cambiar, cancelar las reglas<\/li><li>restringir el acceso a cualquier informaci\u00f3n en el sitio<\/li><\/ul>\n\n\n\n<p>El usuario se compromete:<\/p>\n\n\n\n<ul class=\"wp-block-list\"><li>no interrumpir la funcionalidad del sitio<\/li><li>no utilice scripts (programas) para la recopilaci\u00f3n automatizada de informaci\u00f3n y\/o interacci\u00f3n con el Sitio y sus Servicios<\/li><\/ul>\n\n\n\n<p>La administraci\u00f3n se compromete:<\/p>\n\n\n\n<ul class=\"wp-block-list\"><li>mantener el funcionamiento del sitio, excepto cuando sea imposible por causas ajenas a la Administraci\u00f3n.<\/li><\/ul>\n\n\n\n<p>Responsabilidad de las partes<br>\u2013 la administraci\u00f3n no asume ninguna responsabilidad por los servicios prestados por terceros<br>\u2014 en caso de situaci\u00f3n de fuerza mayor (operaciones militares, estado de excepci\u00f3n, cat\u00e1strofe natural, etc.), la Administraci\u00f3n no garantiza la seguridad de la informaci\u00f3n enviada por el Usuario, as\u00ed como el funcionamiento ininterrumpido del recurso de informaci\u00f3n<\/p>\n\n\n\n<p>T\u00e9rminos del Acuerdo<br>Este Acuerdo entra en vigor al registrarse en el sitio.<br>El acuerdo deja de ser v\u00e1lido cuando aparece una nueva versi\u00f3n del mismo.<br>La administraci\u00f3n se reserva el derecho de cambiar unilateralmente este acuerdo a su discreci\u00f3n.<br>Con cualquier cambio en este acuerdo, la administraci\u00f3n notificar\u00e1 a los usuarios en la forma conveniente para ello.<\/p>\n","protected":false},"excerpt":{"rendered":"<p>Este Acuerdo de usuario (en lo sucesivo, el Acuerdo) rige la relaci\u00f3n entre eternity21 (en lo sucesivo, eternity21 o la Administraci\u00f3n), por un lado, y el usuario del sitio, por el otro.eternity21 no es un sitio de medios masivos. Al utilizar el sitio, usted acepta los t\u00e9rminos de este acuerdo.Si no est\u00e1 de acuerdo con [&hellip;]<\/p>\n","protected":false},"author":1,"featured_media":0,"parent":0,"menu_order":0,"comment_status":"closed","ping_status":"closed","template":"","meta":{"footnotes":""},"class_list":["post-761","page","type-page","status-publish","hentry"],"translation":{"provider":"WPGlobus","version":"2.10.10","language":"es","enabled_languages":["ru","en","es"],"languages":{"ru":{"title":true,"content":true,"excerpt":false},"en":{"title":true,"content":true,"excerpt":false},"es":{"title":true,"content":true,"excerpt":false}}},"acf":[],"yoast_head":"<!-- This site is optimized with the Yoast SEO plugin v20.2.1 - https:\/\/yoast.com\/wordpress\/plugins\/seo\/ -->\n<title>T\u00e9rminos de Uso - Eternity21<\/title>\n<meta name=\"robots\" content=\"index, follow, max-snippet:-1, max-image-preview:large, max-video-preview:-1\" \/>\n<link rel=\"canonical\" href=\"https:\/\/eternity21.net\/terminos-de-uso\/\" \/>\n<meta property=\"og:locale\" content=\"es_ES\" \/>\n<meta property=\"og:type\" content=\"article\" \/>\n<meta property=\"og:title\" content=\"T\u00e9rminos de Uso - Eternity21\" \/>\n<meta property=\"og:url\" content=\"https:\/\/eternity21.net\/terminos-de-uso\/\" \/>\n<meta property=\"og:site_name\" content=\"Eternity21\" \/>\n<meta property=\"article:modified_time\" content=\"2022-10-27T18:20:10+00:00\" \/>\n<meta name=\"twitter:card\" content=\"summary_large_image\" \/>\n<meta name=\"twitter:label1\" content=\"Tiempo de lectura\" \/>\n\t<meta name=\"twitter:data1\" content=\"2 minutos\" \/>\n<script type=\"application\/ld+json\" class=\"yoast-schema-graph\">{\"@context\":\"https:\/\/schema.org\",\"@graph\":[{\"@type\":\"WebPage\",\"@id\":\"https:\/\/eternity21.net\/terminos-de-uso\/\",\"url\":\"https:\/\/eternity21.net\/terminos-de-uso\/\",\"name\":\"T\u00e9rminos de Uso - Eternity21\",\"isPartOf\":{\"@id\":\"https:\/\/eternity21.net\/#website\"},\"datePublished\":\"2022-07-30T15:49:37+00:00\",\"dateModified\":\"2022-10-27T18:20:10+00:00\",\"breadcrumb\":{\"@id\":\"https:\/\/eternity21.net\/terminos-de-uso\/#breadcrumb\"},\"inLanguage\":\"es\",\"potentialAction\":[{\"@type\":\"ReadAction\",\"target\":[\"https:\/\/eternity21.net\/terminos-de-uso\/\"]}]},{\"@type\":\"BreadcrumbList\",\"@id\":\"https:\/\/eternity21.net\/terminos-de-uso\/#breadcrumb\",\"itemListElement\":[{\"@type\":\"ListItem\",\"position\":1,\"name\":\"\u0413\u043b\u0430\u0432\u043d\u0430\u044f \u0441\u0442\u0440\u0430\u043d\u0438\u0446\u0430\",\"item\":\"https:\/\/eternity21.net\/\"},{\"@type\":\"ListItem\",\"position\":2,\"name\":\"\u041f\u043e\u043b\u044c\u0437\u043e\u0432\u0430\u0442\u0435\u043b\u044c\u0441\u043a\u043e\u0435 \u0421\u043e\u0433\u043b\u0430\u0448\u0435\u043d\u0438\u0435\"}]},{\"@type\":\"WebSite\",\"@id\":\"https:\/\/eternity21.net\/#website\",\"url\":\"https:\/\/eternity21.net\/\",\"name\":\"Eternity21\",\"description\":\"\u041a\u043e\u043c\u043f\u043b\u0435\u043a\u0441\u043d\u044b\u0435 \u0440\u0435\u0448\u0435\u043d\u0438\u044f \u0434\u043b\u044f \u043f\u0435\u0440\u0435\u0435\u0437\u0434\u0430 \u0432 \u0418\u0441\u043f\u0430\u043d\u0438\u044e\",\"potentialAction\":[{\"@type\":\"SearchAction\",\"target\":{\"@type\":\"EntryPoint\",\"urlTemplate\":\"https:\/\/eternity21.net\/?s={search_term_string}\"},\"query-input\":\"required name=search_term_string\"}],\"inLanguage\":\"es\"}]}<\/script>\n<!-- \/ Yoast SEO plugin. -->","yoast_head_json":{"title":"T\u00e9rminos de Uso - Eternity21","robots":{"index":"index","follow":"follow","max-snippet":"max-snippet:-1","max-image-preview":"max-image-preview:large","max-video-preview":"max-video-preview:-1"},"canonical":"https:\/\/eternity21.net\/terminos-de-uso\/","og_locale":"es_ES","og_type":"article","og_title":"T\u00e9rminos de Uso - Eternity21","og_url":"https:\/\/eternity21.net\/terminos-de-uso\/","og_site_name":"Eternity21","article_modified_time":"2022-10-27T18:20:10+00:00","twitter_card":"summary_large_image","twitter_misc":{"Tiempo de lectura":"2 minutos"},"schema":{"@context":"https:\/\/schema.org","@graph":[{"@type":"WebPage","@id":"https:\/\/eternity21.net\/terminos-de-uso\/","url":"https:\/\/eternity21.net\/terminos-de-uso\/","name":"T\u00e9rminos de Uso - Eternity21","isPartOf":{"@id":"https:\/\/eternity21.net\/#website"},"datePublished":"2022-07-30T15:49:37+00:00","dateModified":"2022-10-27T18:20:10+00:00","breadcrumb":{"@id":"https:\/\/eternity21.net\/terminos-de-uso\/#breadcrumb"},"inLanguage":"es","potentialAction":[{"@type":"ReadAction","target":["https:\/\/eternity21.net\/terminos-de-uso\/"]}]},{"@type":"BreadcrumbList","@id":"https:\/\/eternity21.net\/terminos-de-uso\/#breadcrumb","itemListElement":[{"@type":"ListItem","position":1,"name":"\u0413\u043b\u0430\u0432\u043d\u0430\u044f \u0441\u0442\u0440\u0430\u043d\u0438\u0446\u0430","item":"https:\/\/eternity21.net\/"},{"@type":"ListItem","position":2,"name":"\u041f\u043e\u043b\u044c\u0437\u043e\u0432\u0430\u0442\u0435\u043b\u044c\u0441\u043a\u043e\u0435 \u0421\u043e\u0433\u043b\u0430\u0448\u0435\u043d\u0438\u0435"}]},{"@type":"WebSite","@id":"https:\/\/eternity21.net\/#website","url":"https:\/\/eternity21.net\/","name":"Eternity21","description":"\u041a\u043e\u043c\u043f\u043b\u0435\u043a\u0441\u043d\u044b\u0435 \u0440\u0435\u0448\u0435\u043d\u0438\u044f \u0434\u043b\u044f \u043f\u0435\u0440\u0435\u0435\u0437\u0434\u0430 \u0432 \u0418\u0441\u043f\u0430\u043d\u0438\u044e","potentialAction":[{"@type":"SearchAction","target":{"@type":"EntryPoint","urlTemplate":"https:\/\/eternity21.net\/?s={search_term_string}"},"query-input":"required name=search_term_string"}],"inLanguage":"es"}]}},"_links":{"self":[{"href":"https:\/\/eternity21.net\/es\/wp-json\/wp\/v2\/pages\/761","targetHints":{"allow":["GET"]}}],"collection":[{"href":"https:\/\/eternity21.net\/es\/wp-json\/wp\/v2\/pages"}],"about":[{"href":"https:\/\/eternity21.net\/es\/wp-json\/wp\/v2\/types\/page"}],"author":[{"embeddable":true,"href":"https:\/\/eternity21.net\/es\/wp-json\/wp\/v2\/users\/1"}],"replies":[{"embeddable":true,"href":"https:\/\/eternity21.net\/es\/wp-json\/wp\/v2\/comments?post=761"}],"version-history":[{"count":3,"href":"https:\/\/eternity21.net\/es\/wp-json\/wp\/v2\/pages\/761\/revisions"}],"predecessor-version":[{"id":818,"href":"https:\/\/eternity21.net\/es\/wp-json\/wp\/v2\/pages\/761\/revisions\/818"}],"wp:attachment":[{"href":"https:\/\/eternity21.net\/es\/wp-json\/wp\/v2\/media?parent=761"}],"curies":[{"name":"wp","href":"https:\/\/api.w.org\/{rel}","templated":true}]}}